{"id":557,"date":"2018-09-26T11:02:40","date_gmt":"2018-09-26T09:02:40","guid":{"rendered":"https:\/\/philina.ch\/?page_id=557"},"modified":"2025-03-11T21:13:46","modified_gmt":"2025-03-11T20:13:46","slug":"tttt","status":"publish","type":"page","link":"https:\/\/philina.ch\/","title":{"rendered":"Willkommen"},"content":{"rendered":"<div>\n<h4><img loading=\"lazy\" decoding=\"async\" class=\"alignright wp-image-3079\" src=\"https:\/\/philina.ch\/wp-content\/uploads\/2025\/03\/001Gruppe.jpg\" alt=\"\" width=\"780\" height=\"350\" srcset=\"https:\/\/philina.ch\/wp-content\/uploads\/2025\/03\/001Gruppe.jpg 1920w, https:\/\/philina.ch\/wp-content\/uploads\/2025\/03\/001Gruppe-300x135.jpg 300w, https:\/\/philina.ch\/wp-content\/uploads\/2025\/03\/001Gruppe-1024x459.jpg 1024w, https:\/\/philina.ch\/wp-content\/uploads\/2025\/03\/001Gruppe-150x67.jpg 150w, https:\/\/philina.ch\/wp-content\/uploads\/2025\/03\/001Gruppe-768x344.jpg 768w, https:\/\/philina.ch\/wp-content\/uploads\/2025\/03\/001Gruppe-1536x689.jpg 1536w\" sizes=\"auto, (max-width: 780px) 100vw, 780px\" \/><\/h4>\n<h4><span style=\"color: #333333;\">Herzlich willkommen in der Hebammen- und Geburtspraxis Philina in Gams.<\/span><\/h4>\n<h4><span style=\"color: #333333;\">Wir freuen uns, Sie pers\u00f6nlich kennen zu lernen.<\/span><\/h4>\n<div><\/div>\n<div>\n<p><span style=\"color: #333333;\">Es liegt uns am Herzen, dass Sie sich bei uns wohlf\u00fchlen, wir Ihre Fragen und Anliegen ernst nehmen und Sie so liebevoll auf dem Weg der Schwangerschaft, Geburt und des Wochenbetts zu begleiten.<\/span><\/p>\n<p>&nbsp;<\/p>\n<\/div>\n<h4><span style=\"color: #333333;\">Philosophie<\/span><\/h4>\n<p><span style=\"color: #333333;\">Wir begleiten Familien mit viel Freude, Engagement und Interesse. Wir begleiten die wachsende Familie von Anfang der Schwangerschaft bis Ende der Wochenbett-Zeit.<\/span><br \/>\n<span style=\"color: #333333;\">Wir sind \u00fcberzeugt, dass eine Geburt ein nat\u00fcrlicher Vorgang ist und die Anlagen dazu bereits in uns Frauen angelegt sind. Diese nat\u00fcrlichen Vorg\u00e4nge unterst\u00fctzen wir mit viel Achtsamkeit und Ermutigung.<\/span><br \/>\n<span style=\"color: #333333;\">Da nicht alle Schwangerschaften und Geburten nach Wunsch verlaufen, sind wir stets sehr wachsam und ziehen eine klare Linie zwischen den nat\u00fcrlichen Vorg\u00e4ngen und deren Abweichungen. Jederzeit leiten wir bei Bedarf medizinische Massnahmen ein und arbeiten Hand in Hand mit den entsprechenden Einrichtungen.<\/span><br \/>\n<span style=\"color: #333333;\">Schwangerschaftskontrollen bieten wir auch vor Spitalgeburten an. Wochenbettbesuche nach Geburten im Spital betreuen wir gerne, wir haben meist auch kurzfristig noch Kapazit\u00e4t.<\/span><br \/>\n<span style=\"color: #333333;\">Im Philina arbeiten wir als Team zusammen. Wir unterst\u00fctzen uns gegenseitig in der Betreuung der Schwangeren, Geb\u00e4renden und im Wochenbett.<\/span><br \/>\n<span style=\"color: #333333;\">Wir bilden uns kontinuierlich weiter, intern und extern.<\/span><\/p>\n<\/div>\n","protected":false},"excerpt":{"rendered":"<p>Herzlich willkommen in der Hebammen- und Geburtspraxis Philina in Gams. Wir freuen uns, Sie pers\u00f6nlich kennen zu lernen. Es liegt uns am Herzen, dass Sie sich bei uns wohlf\u00fchlen, wir Ihre Fragen und Anliegen ernst nehmen und Sie so liebevoll auf dem Weg der Schwangerschaft, Geburt und des Wochenbetts zu begleiten. &nbsp; Philosophie Wir begleiten&#8230;<\/p>\n","protected":false},"author":1,"featured_media":0,"parent":0,"menu_order":0,"comment_status":"closed","ping_status":"closed","template":"","meta":{"footnotes":""},"class_list":["post-557","page","type-page","status-publish","hentry"],"yoast_head":"<!-- This site is optimized with the Yoast SEO plugin v27.4 - https:\/\/yoast.com\/product\/yoast-seo-wordpress\/ -->\n<title>Willkommen - Philina GmbH<\/title>\n<meta name=\"robots\" content=\"index, follow, max-snippet:-1, max-image-preview:large, max-video-preview:-1\" \/>\n<link rel=\"canonical\" href=\"https:\/\/philina.ch\/\" \/>\n<meta property=\"og:locale\" content=\"de_DE\" \/>\n<meta property=\"og:type\" content=\"article\" \/>\n<meta property=\"og:title\" content=\"Willkommen - Philina GmbH\" \/>\n<meta property=\"og:description\" content=\"Herzlich willkommen in der Hebammen- und Geburtspraxis Philina in Gams. Wir freuen uns, Sie pers\u00f6nlich kennen zu lernen. Es liegt uns am Herzen, dass Sie sich bei uns wohlf\u00fchlen, wir Ihre Fragen und Anliegen ernst nehmen und Sie so liebevoll auf dem Weg der Schwangerschaft, Geburt und des Wochenbetts zu begleiten. &nbsp; Philosophie Wir begleiten...\" \/>\n<meta property=\"og:url\" content=\"https:\/\/philina.ch\/\" \/>\n<meta property=\"og:site_name\" content=\"Philina GmbH\" \/>\n<meta property=\"article:modified_time\" content=\"2025-03-11T20:13:46+00:00\" \/>\n<meta property=\"og:image\" content=\"https:\/\/philina.ch\/wp-content\/uploads\/2025\/03\/001Gruppe.jpg\" \/>\n\t<meta property=\"og:image:width\" content=\"1920\" \/>\n\t<meta property=\"og:image:height\" content=\"861\" \/>\n\t<meta property=\"og:image:type\" content=\"image\/jpeg\" \/>\n<meta name=\"twitter:card\" content=\"summary_large_image\" \/>\n<meta name=\"twitter:label1\" content=\"Gesch\u00e4tzte Lesezeit\" \/>\n\t<meta name=\"twitter:data1\" content=\"2\u00a0Minuten\" \/>\n<script type=\"application\/ld+json\" class=\"yoast-schema-graph\">{\"@context\":\"https:\\\/\\\/schema.org\",\"@graph\":[{\"@type\":\"WebPage\",\"@id\":\"https:\\\/\\\/philina.ch\\\/\",\"url\":\"https:\\\/\\\/philina.ch\\\/\",\"name\":\"Willkommen - Philina GmbH\",\"isPartOf\":{\"@id\":\"https:\\\/\\\/philina.ch\\\/#website\"},\"primaryImageOfPage\":{\"@id\":\"https:\\\/\\\/philina.ch\\\/#primaryimage\"},\"image\":{\"@id\":\"https:\\\/\\\/philina.ch\\\/#primaryimage\"},\"thumbnailUrl\":\"https:\\\/\\\/philina.ch\\\/wp-content\\\/uploads\\\/2025\\\/03\\\/001Gruppe.jpg\",\"datePublished\":\"2018-09-26T09:02:40+00:00\",\"dateModified\":\"2025-03-11T20:13:46+00:00\",\"breadcrumb\":{\"@id\":\"https:\\\/\\\/philina.ch\\\/#breadcrumb\"},\"inLanguage\":\"de\",\"potentialAction\":[{\"@type\":\"ReadAction\",\"target\":[\"https:\\\/\\\/philina.ch\\\/\"]}]},{\"@type\":\"ImageObject\",\"inLanguage\":\"de\",\"@id\":\"https:\\\/\\\/philina.ch\\\/#primaryimage\",\"url\":\"https:\\\/\\\/philina.ch\\\/wp-content\\\/uploads\\\/2025\\\/03\\\/001Gruppe.jpg\",\"contentUrl\":\"https:\\\/\\\/philina.ch\\\/wp-content\\\/uploads\\\/2025\\\/03\\\/001Gruppe.jpg\",\"width\":1920,\"height\":861},{\"@type\":\"BreadcrumbList\",\"@id\":\"https:\\\/\\\/philina.ch\\\/#breadcrumb\",\"itemListElement\":[{\"@type\":\"ListItem\",\"position\":1,\"name\":\"Home\",\"item\":\"https:\\\/\\\/philina.ch\\\/\"},{\"@type\":\"ListItem\",\"position\":2,\"name\":\"Willkommen\"}]},{\"@type\":\"WebSite\",\"@id\":\"https:\\\/\\\/philina.ch\\\/#website\",\"url\":\"https:\\\/\\\/philina.ch\\\/\",\"name\":\"Philina GmbH\",\"description\":\"Hebammen- und Geburtspraxis\",\"publisher\":{\"@id\":\"https:\\\/\\\/philina.ch\\\/#organization\"},\"potentialAction\":[{\"@type\":\"SearchAction\",\"target\":{\"@type\":\"EntryPoint\",\"urlTemplate\":\"https:\\\/\\\/philina.ch\\\/?s={search_term_string}\"},\"query-input\":{\"@type\":\"PropertyValueSpecification\",\"valueRequired\":true,\"valueName\":\"search_term_string\"}}],\"inLanguage\":\"de\"},{\"@type\":\"Organization\",\"@id\":\"https:\\\/\\\/philina.ch\\\/#organization\",\"name\":\"Philina GmbH, Hebammen-und Geburtspraxis\",\"url\":\"https:\\\/\\\/philina.ch\\\/\",\"logo\":{\"@type\":\"ImageObject\",\"inLanguage\":\"de\",\"@id\":\"https:\\\/\\\/philina.ch\\\/#\\\/schema\\\/logo\\\/image\\\/\",\"url\":\"https:\\\/\\\/i1.wp.com\\\/philina.ch\\\/wp-content\\\/uploads\\\/2019\\\/03\\\/Logo_philina_farbig_h140.png?fit=280%2C130&ssl=1\",\"contentUrl\":\"https:\\\/\\\/i1.wp.com\\\/philina.ch\\\/wp-content\\\/uploads\\\/2019\\\/03\\\/Logo_philina_farbig_h140.png?fit=280%2C130&ssl=1\",\"width\":280,\"height\":130,\"caption\":\"Philina GmbH, Hebammen-und Geburtspraxis\"},\"image\":{\"@id\":\"https:\\\/\\\/philina.ch\\\/#\\\/schema\\\/logo\\\/image\\\/\"}}]}<\/script>\n<!-- \/ Yoast SEO plugin. -->","yoast_head_json":{"title":"Willkommen - Philina GmbH","robots":{"index":"index","follow":"follow","max-snippet":"max-snippet:-1","max-image-preview":"max-image-preview:large","max-video-preview":"max-video-preview:-1"},"canonical":"https:\/\/philina.ch\/","og_locale":"de_DE","og_type":"article","og_title":"Willkommen - Philina GmbH","og_description":"Herzlich willkommen in der Hebammen- und Geburtspraxis Philina in Gams. Wir freuen uns, Sie pers\u00f6nlich kennen zu lernen. Es liegt uns am Herzen, dass Sie sich bei uns wohlf\u00fchlen, wir Ihre Fragen und Anliegen ernst nehmen und Sie so liebevoll auf dem Weg der Schwangerschaft, Geburt und des Wochenbetts zu begleiten. &nbsp; Philosophie Wir begleiten...","og_url":"https:\/\/philina.ch\/","og_site_name":"Philina GmbH","article_modified_time":"2025-03-11T20:13:46+00:00","og_image":[{"width":1920,"height":861,"url":"https:\/\/philina.ch\/wp-content\/uploads\/2025\/03\/001Gruppe.jpg","type":"image\/jpeg"}],"twitter_card":"summary_large_image","twitter_misc":{"Gesch\u00e4tzte Lesezeit":"2\u00a0Minuten"},"schema":{"@context":"https:\/\/schema.org","@graph":[{"@type":"WebPage","@id":"https:\/\/philina.ch\/","url":"https:\/\/philina.ch\/","name":"Willkommen - Philina GmbH","isPartOf":{"@id":"https:\/\/philina.ch\/#website"},"primaryImageOfPage":{"@id":"https:\/\/philina.ch\/#primaryimage"},"image":{"@id":"https:\/\/philina.ch\/#primaryimage"},"thumbnailUrl":"https:\/\/philina.ch\/wp-content\/uploads\/2025\/03\/001Gruppe.jpg","datePublished":"2018-09-26T09:02:40+00:00","dateModified":"2025-03-11T20:13:46+00:00","breadcrumb":{"@id":"https:\/\/philina.ch\/#breadcrumb"},"inLanguage":"de","potentialAction":[{"@type":"ReadAction","target":["https:\/\/philina.ch\/"]}]},{"@type":"ImageObject","inLanguage":"de","@id":"https:\/\/philina.ch\/#primaryimage","url":"https:\/\/philina.ch\/wp-content\/uploads\/2025\/03\/001Gruppe.jpg","contentUrl":"https:\/\/philina.ch\/wp-content\/uploads\/2025\/03\/001Gruppe.jpg","width":1920,"height":861},{"@type":"BreadcrumbList","@id":"https:\/\/philina.ch\/#breadcrumb","itemListElement":[{"@type":"ListItem","position":1,"name":"Home","item":"https:\/\/philina.ch\/"},{"@type":"ListItem","position":2,"name":"Willkommen"}]},{"@type":"WebSite","@id":"https:\/\/philina.ch\/#website","url":"https:\/\/philina.ch\/","name":"Philina GmbH","description":"Hebammen- und Geburtspraxis","publisher":{"@id":"https:\/\/philina.ch\/#organization"},"potentialAction":[{"@type":"SearchAction","target":{"@type":"EntryPoint","urlTemplate":"https:\/\/philina.ch\/?s={search_term_string}"},"query-input":{"@type":"PropertyValueSpecification","valueRequired":true,"valueName":"search_term_string"}}],"inLanguage":"de"},{"@type":"Organization","@id":"https:\/\/philina.ch\/#organization","name":"Philina GmbH, Hebammen-und Geburtspraxis","url":"https:\/\/philina.ch\/","logo":{"@type":"ImageObject","inLanguage":"de","@id":"https:\/\/philina.ch\/#\/schema\/logo\/image\/","url":"https:\/\/i1.wp.com\/philina.ch\/wp-content\/uploads\/2019\/03\/Logo_philina_farbig_h140.png?fit=280%2C130&ssl=1","contentUrl":"https:\/\/i1.wp.com\/philina.ch\/wp-content\/uploads\/2019\/03\/Logo_philina_farbig_h140.png?fit=280%2C130&ssl=1","width":280,"height":130,"caption":"Philina GmbH, Hebammen-und Geburtspraxis"},"image":{"@id":"https:\/\/philina.ch\/#\/schema\/logo\/image\/"}}]}},"_links":{"self":[{"href":"https:\/\/philina.ch\/index.php\/wp-json\/wp\/v2\/pages\/557","targetHints":{"allow":["GET"]}}],"collection":[{"href":"https:\/\/philina.ch\/index.php\/wp-json\/wp\/v2\/pages"}],"about":[{"href":"https:\/\/philina.ch\/index.php\/wp-json\/wp\/v2\/types\/page"}],"author":[{"embeddable":true,"href":"https:\/\/philina.ch\/index.php\/wp-json\/wp\/v2\/users\/1"}],"replies":[{"embeddable":true,"href":"https:\/\/philina.ch\/index.php\/wp-json\/wp\/v2\/comments?post=557"}],"version-history":[{"count":28,"href":"https:\/\/philina.ch\/index.php\/wp-json\/wp\/v2\/pages\/557\/revisions"}],"predecessor-version":[{"id":3084,"href":"https:\/\/philina.ch\/index.php\/wp-json\/wp\/v2\/pages\/557\/revisions\/3084"}],"wp:attachment":[{"href":"https:\/\/philina.ch\/index.php\/wp-json\/wp\/v2\/media?parent=557"}],"curies":[{"name":"wp","href":"https:\/\/api.w.org\/{rel}","templated":true}]}}