{"id":736,"date":"2019-04-09T20:21:15","date_gmt":"2019-04-09T18:21:15","guid":{"rendered":"https:\/\/philina.ch\/?page_id=736"},"modified":"2021-12-25T13:51:20","modified_gmt":"2021-12-25T12:51:20","slug":"datenschutzerklaerung","status":"publish","type":"page","link":"https:\/\/philina.ch\/index.php\/datenschutzerklaerung\/","title":{"rendered":"Datenschutzerkl\u00e4rung \/ Impressum"},"content":{"rendered":"<ul>\n<li>Verantwortlich f\u00fcr den Seiteninhalt\n<p>\n         Philina GmbH, Hebammen-und Geburtspraxis, Hinderbergstrasse 14, 9473 Gams, +41 81 756 00 87        <\/p>\n<\/li>\n<\/ul>\n<ol>\n<li>Einleitung<\/li>\n<\/ol>\n<p>Philina Hebammen-und Geburtspraxis h\u00e4lt die schweizerischen gesetzlichen Vorschriften zum Datenschutz ein und richtet sich nach den Grunds\u00e4tzen der neuen Datenschutz-Grundverordnung der Europ\u00e4ischen Union.<\/p>\n<ol start=\"2\">\n<li>Bearbeitung personenbezogener Daten<\/li>\n<\/ol>\n<p>2.1 Umfang und Zweck<\/p>\n<p>Wir erfassen personenbezogene Daten, welche der Erf\u00fcllung unseres Dienstleistungsauftrages dienen.<\/p>\n<p>Zu den betroffenen, personenbezogenen Daten geh\u00f6ren folgende Angaben:<\/p>\n<p>Personendaten: Name, Vorname, Adresse, Internet-Adresse<br \/>\nKontaktangaben: Telefonnummer, E-Mail-Adresse<\/p>\n<p>2.2 Verwendung Ihrer Daten<\/p>\n<p>Philina Hebammen-und Geburtspraxis verwendet Ihre Daten und Ihre Angaben f\u00fcr folgende Zwecke:<\/p>\n<p>Erbringen von Dienstleistungen gem\u00e4ss unserem Angebot, Kurse, Schwangerschaftsbegleitung, Geburtsbegleitung, Wochenbett, Beratung im Zusammenhang mit Schwangerschaft, Geburt und Wochenbett.<\/p>\n<p>2.3 Weitergabe von erfassten Informationen<\/p>\n<p>Ihre personenbezogenen Daten, die Sie uns zur Verf\u00fcgung stellen, werden von uns nicht verkauft, vermietet oder gehandelt. Wir geben keine Daten an Dritte weiter.<\/p>\n<ol start=\"4\">\n<li>Webseite<\/li>\n<\/ol>\n<p>Unsere Webseite ist mit Funktionen und Systemen Dritter vernetzt. Im Folgenden beschreiben wir diejenigen Dienste, welche in unserem Auftrag auf der Webseite erhobene Personendaten verarbeiten und kl\u00e4ren \u00fcber die Datenverarbeitung innerhalb unserer eigenen Infrastruktur auf.<\/p>\n<p>4.1 Google Analytics<\/p>\n<p>Wir verwenden f\u00fcr die Auswertung der Besucherzahlen auf unserer Webseite den Dienst Google Analytics mit einer IP-Anonymisierungsfunktion. Ihre IP-Adresse wird in diesem Fall von Google gek\u00fcrzt und dadurch anonymisiert, womit kein R\u00fcckschluss auf einen Besucher mehr m\u00f6glich ist.<\/p>\n<p>Sie k\u00f6nnen die Aufzeichnung dieser Daten verhindern, indem Sie auf der folgenden Webseite ein Browser-Addon installieren und somit die k\u00fcnftige Bearbeitung ablehnen: <a href=\"https:\/\/tools.google.com\/dlpage\/gaoptout?hl=de\" target=\"_blank\" rel=\"noopener noreferrer\">https:\/\/tools.google.com\/dlpage\/gaoptout?hl=de<\/a><\/p>\n<p>4.2 reCaptcha<\/p>\n<p>Die Formulare unserer Webseite werden von Google reCaptcha v3 vor unberechtigter Nutzung durch Robots gesch\u00fctzt. Es ist technisch unumg\u00e4nglich, dass hierf\u00fcr eine Vielzahl von personenbezogenen Daten zu Ihrem Nutzungsverhalten an Google \u00fcbertragen werden, um Sie als Mensch zu identifizieren. Google hat sich verpflichtet, einen angemessenen Datenschutz zu gew\u00e4hrleisten. Daher ist bei jedem Formular ein entsprechender Hinweis (\u201eprotected by reCaptcha\u201c) mit einem Link auf die Datenschutzerkla\u0308rung vom Betreiber Google platziert. Weitere Informationen zur Verwendung Ihrer Daten entnehmen Sie dem Portal f\u00fcr Datenschutz von Google:<a href=\"https:\/\/privacy.google.com\/intl\/de_ALL\/\" target=\"_blank\" rel=\"noopener noreferrer\"> https:\/\/privacy.google.com\/intl\/de_ALL\/<\/a><\/p>\n<p><a href=\"https:\/\/www.google.com\/intl\/de\/policies\/privacy\/\" target=\"_blank\" rel=\"noopener noreferrer\">https:\/\/www.google.com\/intl\/de\/policies\/privacy\/<\/a><\/p>\n<p>4.3 Cookies<\/p>\n<p>Cookies sind das technische Hilfsmittel f\u00fcr die obenstehenden Datenerhebungen von Drittanbietern. Unsere Webseite setzt zudem Cookies ein, damit Sie die technischen Funktionen wie bspw. Kontaktformulare nutzen k\u00f6nnen. Cookies sind ungef\u00e4hrliche Textdateien, die Ihr Browser automatisch auf Ihrem Computer speichert, wenn Sie unsere Internetseite besuchen. Sie erm\u00f6glichen die Identifizierung eines Besuchers innerhalb einer vordefinierten Zeitspanne.<\/p>\n<p>Die meisten Internet-Browser akzeptieren Cookies automatisch. Sie k\u00f6nnen Ihren Browser jedoch jederzeit so konfigurieren, dass keine Cookies auf Ihrem Computer gespeichert werden. Unsere Webseite l\u00e4sst sich grunds\u00e4tzlich auch ohne die Annahme von Cookies nutzen, allerdings ist dann die Funktionalit\u00e4t eingeschr\u00e4nkt.<\/p>\n<p>4.4 Server-Aufzeichnungen<\/p>\n<p>Die Server-Infrastruktur erfasst bei jedem Aufruf unserer Webseite eine Reihe von allgemeinen Daten zum Zugriff, welche in sog. Logfiles gespeichert werden. Erfasst werden der Name der abgerufenen Webseite, URL, Datum und Uhrzeit des Abrufs\u00fcbertragene Datenmenge, Meldung \u00fcber erfolgreichen Abruf, Browsertyp und dessen Version, das Betriebssystem des Nutzers, Referrer URL (die zuvor besuchte Seite) sowie die IP-Adresse des Nutzers. Diese Daten werden ben\u00f6tigt, um die Funktionsf\u00e4higkeit und Sicherheit unserer Infrastruktur zu \u00fcberpr\u00fcfen und zu gew\u00e4hrleisten.<\/p>\n<p>4.5 Kontaktformulare<\/p>\n<p>Sie k\u00f6nnen mit uns \u00fcber Formulare auf dieser Webseite in Kontakt treten, deren Inhalt uns per E-Mail zugestellt wird. F\u00fcr die Bearbeitung und Beantwortung Ihrer Anfrage sind gewisse pers\u00f6nliche Informationen (Name, Vorname, Telefon und Mail-Adresse) erforderlich, wobei wir so sparsam wie m\u00f6glich Daten erheben. Diese Angaben werden nur im Rahmen Ihrer Anfrage gespeichert und ohne Ihre ausdr\u00fcckliche Einwilligung nicht f\u00fcr andere Zwecke verwendet.<\/p>\n<ol start=\"5\">\n<li>Rechte von betroffenen Personen<\/li>\n<\/ol>\n<p>Sie haben das Recht, jederzeit Ihre Datenschutzrechte geltend zu machen. Kontaktieren Sie unseren Datenschutzbeauftragten, sofern Sie von einem der folgenden Rechte Gebrauch machen m\u00f6chten:<\/p>\n<p>Auskunftsrecht: Sie k\u00f6nnen jederzeit Auskunft dar\u00fcber verlangen, ob und welche Daten wir \u00fcber Sie gespeichert haben und zu welchem Zweck wir sie verwenden.<\/p>\n<p>Recht auf Vergessen werden: Werden die Daten zu Ihrer Person nicht mehr zum urspr\u00fcnglichen Verwendungszweck ben\u00f6tigt, so werden diese Daten vernichtet.<\/p>\n<p>Recht auf L\u00f6schung: Sie k\u00f6nnen jederzeit von uns verlangen, Ihre Personendaten zu l\u00f6schen, sofern keine andere gesetzliche Aufbewahrungspflicht besteht.<\/p>\n<p>Recht auf Widerspruch (Opt-out): Sie k\u00f6nnen jederzeit von uns verlangen, dass wir die Verarbeitung Ihrer pers\u00f6nlichen Daten einstellen.<\/p>\n<ol start=\"6\">\n<li>Aufbewahrungsdauer<\/li>\n<\/ol>\n<p>Wir bewahren Ihre Daten nur so lange auf, wie es rechtlich oder entsprechend dem Verarbeitungszweck notwendig ist. Bearbeiten wir Ihre Personendaten aufgrund einer Vertragsbeziehung, so bleiben diese Daten so lange gespeichert, wie dies gesetzliche und vertragliche Aufbewahrungspflichten vorsehen.<\/p>\n<ol start=\"7\">\n<li>Datensicherheit<\/li>\n<\/ol>\n<p>Wir sch\u00fctzen Ihre personenbezogenen Daten durch die \u00fcblichen organisatorischen und technischen Sicherheitsmassnahmen. Die Massnahmen pr\u00fcfen wir laufend und \u00e4ndern sie falls n\u00f6tig, um m\u00f6gliche Risiken einzud\u00e4mmen und um eine unbefugte Nutzung zu verhindern. Wir k\u00f6nnen aber nicht garantieren, dass Daten nicht verloren gehen, missbraucht oder ge\u00e4ndert werden. In solchen F\u00e4llen ergreifen wir die gesetzlich geforderten Massnahmen und informieren Betroffene und Beh\u00f6rden umgehend und transparent.<\/p>\n<ol start=\"8\">\n<li>Ansprechpartner<\/li>\n<\/ol>\n<p>Wenn Sie Fragen zum Datenschutz der Philina GmbH, Hebammen-und Geburtspraxis haben, Ausk\u00fcnfte verlangen oder die L\u00f6schung Ihrer Daten beantragen m\u00f6chten, wenden Sie sich bitte an unseren Ansprechpartner f\u00fcr Datenschutzrecht.<\/p>\n<p>Philina GmbH, Hebammen-und Geburtspraxis<br \/>\ninfo @ philina.ch<\/p>\n<ol start=\"9\">\n<li>\u00c4nderungen der Datenschutzbestimmungen<\/li>\n<\/ol>\n<p>Durch die Weiterentwicklung der rechtlichen Rahmenbedingungen sowie aufgrund des technologischen Fortschrittes kann es notwendig werden, diese Datenschutzbestimmungen zu \u00e4ndern. Die jeweils aktuellen Datenschutzbestimmungen k\u00f6nnen jederzeit auf unserer Webseite von Ihnen abgerufen werden.<\/p>\n<p>Stand: 9. April 2019<\/p>\n","protected":false},"excerpt":{"rendered":"<p>Verantwortlich f\u00fcr den Seiteninhalt Philina GmbH, Hebammen-und Geburtspraxis, Hinderbergstrasse 14, 9473 Gams, +41 81 756 00 87 Einleitung Philina Hebammen-und Geburtspraxis h\u00e4lt die schweizerischen gesetzlichen Vorschriften zum Datenschutz ein und richtet sich nach den Grunds\u00e4tzen der neuen Datenschutz-Grundverordnung der Europ\u00e4ischen Union. Bearbeitung personenbezogener Daten 2.1 Umfang und Zweck Wir erfassen personenbezogene Daten, welche der Erf\u00fcllung&#8230;<\/p>\n","protected":false},"author":1,"featured_media":0,"parent":0,"menu_order":0,"comment_status":"closed","ping_status":"closed","template":"","meta":{"footnotes":""},"class_list":["post-736","page","type-page","status-publish","hentry"],"yoast_head":"<!-- This site is optimized with the Yoast SEO plugin v27.4 - https:\/\/yoast.com\/product\/yoast-seo-wordpress\/ -->\n<title>Datenschutzerkl\u00e4rung \/ Impressum - Philina GmbH<\/title>\n<meta name=\"robots\" content=\"index, follow, max-snippet:-1, max-image-preview:large, max-video-preview:-1\" \/>\n<link rel=\"canonical\" href=\"https:\/\/philina.ch\/index.php\/datenschutzerklaerung\/\" \/>\n<meta property=\"og:locale\" content=\"de_DE\" \/>\n<meta property=\"og:type\" content=\"article\" \/>\n<meta property=\"og:title\" content=\"Datenschutzerkl\u00e4rung \/ Impressum - Philina GmbH\" \/>\n<meta property=\"og:description\" content=\"Verantwortlich f\u00fcr den Seiteninhalt Philina GmbH, Hebammen-und Geburtspraxis, Hinderbergstrasse 14, 9473 Gams, +41 81 756 00 87 Einleitung Philina Hebammen-und Geburtspraxis h\u00e4lt die schweizerischen gesetzlichen Vorschriften zum Datenschutz ein und richtet sich nach den Grunds\u00e4tzen der neuen Datenschutz-Grundverordnung der Europ\u00e4ischen Union. Bearbeitung personenbezogener Daten 2.1 Umfang und Zweck Wir erfassen personenbezogene Daten, welche der Erf\u00fcllung...\" \/>\n<meta property=\"og:url\" content=\"https:\/\/philina.ch\/index.php\/datenschutzerklaerung\/\" \/>\n<meta property=\"og:site_name\" content=\"Philina GmbH\" \/>\n<meta property=\"article:modified_time\" content=\"2021-12-25T12:51:20+00:00\" \/>\n<meta name=\"twitter:card\" content=\"summary_large_image\" \/>\n<meta name=\"twitter:label1\" content=\"Gesch\u00e4tzte Lesezeit\" \/>\n\t<meta name=\"twitter:data1\" content=\"5\u00a0Minuten\" \/>\n<script type=\"application\/ld+json\" class=\"yoast-schema-graph\">{\"@context\":\"https:\\\/\\\/schema.org\",\"@graph\":[{\"@type\":\"WebPage\",\"@id\":\"https:\\\/\\\/philina.ch\\\/index.php\\\/datenschutzerklaerung\\\/\",\"url\":\"https:\\\/\\\/philina.ch\\\/index.php\\\/datenschutzerklaerung\\\/\",\"name\":\"Datenschutzerkl\u00e4rung \\\/ Impressum - Philina GmbH\",\"isPartOf\":{\"@id\":\"https:\\\/\\\/philina.ch\\\/#website\"},\"datePublished\":\"2019-04-09T18:21:15+00:00\",\"dateModified\":\"2021-12-25T12:51:20+00:00\",\"breadcrumb\":{\"@id\":\"https:\\\/\\\/philina.ch\\\/index.php\\\/datenschutzerklaerung\\\/#breadcrumb\"},\"inLanguage\":\"de\",\"potentialAction\":[{\"@type\":\"ReadAction\",\"target\":[\"https:\\\/\\\/philina.ch\\\/index.php\\\/datenschutzerklaerung\\\/\"]}]},{\"@type\":\"BreadcrumbList\",\"@id\":\"https:\\\/\\\/philina.ch\\\/index.php\\\/datenschutzerklaerung\\\/#breadcrumb\",\"itemListElement\":[{\"@type\":\"ListItem\",\"position\":1,\"name\":\"Home\",\"item\":\"https:\\\/\\\/philina.ch\\\/\"},{\"@type\":\"ListItem\",\"position\":2,\"name\":\"Datenschutzerkl\u00e4rung \\\/ Impressum\"}]},{\"@type\":\"WebSite\",\"@id\":\"https:\\\/\\\/philina.ch\\\/#website\",\"url\":\"https:\\\/\\\/philina.ch\\\/\",\"name\":\"Philina GmbH\",\"description\":\"Hebammen- und Geburtspraxis\",\"publisher\":{\"@id\":\"https:\\\/\\\/philina.ch\\\/#organization\"},\"potentialAction\":[{\"@type\":\"SearchAction\",\"target\":{\"@type\":\"EntryPoint\",\"urlTemplate\":\"https:\\\/\\\/philina.ch\\\/?s={search_term_string}\"},\"query-input\":{\"@type\":\"PropertyValueSpecification\",\"valueRequired\":true,\"valueName\":\"search_term_string\"}}],\"inLanguage\":\"de\"},{\"@type\":\"Organization\",\"@id\":\"https:\\\/\\\/philina.ch\\\/#organization\",\"name\":\"Philina GmbH, Hebammen-und Geburtspraxis\",\"url\":\"https:\\\/\\\/philina.ch\\\/\",\"logo\":{\"@type\":\"ImageObject\",\"inLanguage\":\"de\",\"@id\":\"https:\\\/\\\/philina.ch\\\/#\\\/schema\\\/logo\\\/image\\\/\",\"url\":\"https:\\\/\\\/i1.wp.com\\\/philina.ch\\\/wp-content\\\/uploads\\\/2019\\\/03\\\/Logo_philina_farbig_h140.png?fit=280%2C130&ssl=1\",\"contentUrl\":\"https:\\\/\\\/i1.wp.com\\\/philina.ch\\\/wp-content\\\/uploads\\\/2019\\\/03\\\/Logo_philina_farbig_h140.png?fit=280%2C130&ssl=1\",\"width\":280,\"height\":130,\"caption\":\"Philina GmbH, Hebammen-und Geburtspraxis\"},\"image\":{\"@id\":\"https:\\\/\\\/philina.ch\\\/#\\\/schema\\\/logo\\\/image\\\/\"}}]}<\/script>\n<!-- \/ Yoast SEO plugin. -->","yoast_head_json":{"title":"Datenschutzerkl\u00e4rung \/ Impressum - Philina GmbH","robots":{"index":"index","follow":"follow","max-snippet":"max-snippet:-1","max-image-preview":"max-image-preview:large","max-video-preview":"max-video-preview:-1"},"canonical":"https:\/\/philina.ch\/index.php\/datenschutzerklaerung\/","og_locale":"de_DE","og_type":"article","og_title":"Datenschutzerkl\u00e4rung \/ Impressum - Philina GmbH","og_description":"Verantwortlich f\u00fcr den Seiteninhalt Philina GmbH, Hebammen-und Geburtspraxis, Hinderbergstrasse 14, 9473 Gams, +41 81 756 00 87 Einleitung Philina Hebammen-und Geburtspraxis h\u00e4lt die schweizerischen gesetzlichen Vorschriften zum Datenschutz ein und richtet sich nach den Grunds\u00e4tzen der neuen Datenschutz-Grundverordnung der Europ\u00e4ischen Union. Bearbeitung personenbezogener Daten 2.1 Umfang und Zweck Wir erfassen personenbezogene Daten, welche der Erf\u00fcllung...","og_url":"https:\/\/philina.ch\/index.php\/datenschutzerklaerung\/","og_site_name":"Philina GmbH","article_modified_time":"2021-12-25T12:51:20+00:00","twitter_card":"summary_large_image","twitter_misc":{"Gesch\u00e4tzte Lesezeit":"5\u00a0Minuten"},"schema":{"@context":"https:\/\/schema.org","@graph":[{"@type":"WebPage","@id":"https:\/\/philina.ch\/index.php\/datenschutzerklaerung\/","url":"https:\/\/philina.ch\/index.php\/datenschutzerklaerung\/","name":"Datenschutzerkl\u00e4rung \/ Impressum - Philina GmbH","isPartOf":{"@id":"https:\/\/philina.ch\/#website"},"datePublished":"2019-04-09T18:21:15+00:00","dateModified":"2021-12-25T12:51:20+00:00","breadcrumb":{"@id":"https:\/\/philina.ch\/index.php\/datenschutzerklaerung\/#breadcrumb"},"inLanguage":"de","potentialAction":[{"@type":"ReadAction","target":["https:\/\/philina.ch\/index.php\/datenschutzerklaerung\/"]}]},{"@type":"BreadcrumbList","@id":"https:\/\/philina.ch\/index.php\/datenschutzerklaerung\/#breadcrumb","itemListElement":[{"@type":"ListItem","position":1,"name":"Home","item":"https:\/\/philina.ch\/"},{"@type":"ListItem","position":2,"name":"Datenschutzerkl\u00e4rung \/ Impressum"}]},{"@type":"WebSite","@id":"https:\/\/philina.ch\/#website","url":"https:\/\/philina.ch\/","name":"Philina GmbH","description":"Hebammen- und Geburtspraxis","publisher":{"@id":"https:\/\/philina.ch\/#organization"},"potentialAction":[{"@type":"SearchAction","target":{"@type":"EntryPoint","urlTemplate":"https:\/\/philina.ch\/?s={search_term_string}"},"query-input":{"@type":"PropertyValueSpecification","valueRequired":true,"valueName":"search_term_string"}}],"inLanguage":"de"},{"@type":"Organization","@id":"https:\/\/philina.ch\/#organization","name":"Philina GmbH, Hebammen-und Geburtspraxis","url":"https:\/\/philina.ch\/","logo":{"@type":"ImageObject","inLanguage":"de","@id":"https:\/\/philina.ch\/#\/schema\/logo\/image\/","url":"https:\/\/i1.wp.com\/philina.ch\/wp-content\/uploads\/2019\/03\/Logo_philina_farbig_h140.png?fit=280%2C130&ssl=1","contentUrl":"https:\/\/i1.wp.com\/philina.ch\/wp-content\/uploads\/2019\/03\/Logo_philina_farbig_h140.png?fit=280%2C130&ssl=1","width":280,"height":130,"caption":"Philina GmbH, Hebammen-und Geburtspraxis"},"image":{"@id":"https:\/\/philina.ch\/#\/schema\/logo\/image\/"}}]}},"_links":{"self":[{"href":"https:\/\/philina.ch\/index.php\/wp-json\/wp\/v2\/pages\/736","targetHints":{"allow":["GET"]}}],"collection":[{"href":"https:\/\/philina.ch\/index.php\/wp-json\/wp\/v2\/pages"}],"about":[{"href":"https:\/\/philina.ch\/index.php\/wp-json\/wp\/v2\/types\/page"}],"author":[{"embeddable":true,"href":"https:\/\/philina.ch\/index.php\/wp-json\/wp\/v2\/users\/1"}],"replies":[{"embeddable":true,"href":"https:\/\/philina.ch\/index.php\/wp-json\/wp\/v2\/comments?post=736"}],"version-history":[{"count":10,"href":"https:\/\/philina.ch\/index.php\/wp-json\/wp\/v2\/pages\/736\/revisions"}],"predecessor-version":[{"id":1237,"href":"https:\/\/philina.ch\/index.php\/wp-json\/wp\/v2\/pages\/736\/revisions\/1237"}],"wp:attachment":[{"href":"https:\/\/philina.ch\/index.php\/wp-json\/wp\/v2\/media?parent=736"}],"curies":[{"name":"wp","href":"https:\/\/api.w.org\/{rel}","templated":true}]}}